{"id":453,"date":"2021-12-02T11:31:06","date_gmt":"2021-12-02T10:31:06","guid":{"rendered":"http:\/\/lfl-sachsen-anhalt.de\/lfllsa2\/?page_id=453"},"modified":"2022-06-29T12:37:45","modified_gmt":"2022-06-29T10:37:45","slug":"lpv-saaletal-e-v","status":"publish","type":"page","link":"http:\/\/lfl-sachsen-anhalt.de\/lfllsa2\/lpv-saaletal-e-v\/","title":{"rendered":"LPV Saaletal e.V."},"content":{"rendered":"\n<p><strong>Landschaftspflegeverein Saaletal e.V.<br><\/strong>Vorsitzende Sandra Mann<\/p>\n\n\n\n<div class=\"wp-block-image\"><figure class=\"alignright size-large\"><img loading=\"lazy\" decoding=\"async\" width=\"300\" height=\"155\" src=\"http:\/\/lfl-sachsen-anhalt.de\/lfllsa2\/wp-content\/uploads\/2021\/08\/Logo_LPV_Saaletal.jpg\" alt=\"\" class=\"wp-image-422\"\/><\/figure><\/div>\n\n\n\n<p>Zickeritz 18 \u2022 06420 K\u00f6nnern OT Zickeritz<br>Post an: Zickeritz 27 \u2022 06420 K\u00f6nnern OT Zickeritz<br>Telefon: (0175) 88 97 974<br>E-Mail: <a href=\"mailto:mail@lpv-saaletal.de\" target=\"_blank\" rel=\"noreferrer noopener\">mail@lpv-saaletal.de<\/a><br><a href=\"http:\/\/www.lpv-saaletal.de\" data-type=\"URL\" data-id=\"http:\/\/www.lpv-saaletal.de\" target=\"_blank\" rel=\"noreferrer noopener\">www.lpv-saaletal.de<\/a><\/p>\n\n\n\n<p>Ihre Ansprechpartner sind:<br>Dipl.-Ing. (FH) Sandra Mann und Dipl.-Ing. (FH) Matthias Necker<\/p>\n\n\n<p><img loading=\"lazy\" decoding=\"async\" class=\"wp-image-455 alignright\" src=\"http:\/\/lfl-sachsen-anhalt.de\/lfllsa2\/wp-content\/uploads\/2021\/12\/Logo_LPV_256.png\" alt=\"\" height=\"137\" width=\"137\" srcset=\"http:\/\/lfl-sachsen-anhalt.de\/lfllsa2\/wp-content\/uploads\/2021\/12\/Logo_LPV_256.png 256w, http:\/\/lfl-sachsen-anhalt.de\/lfllsa2\/wp-content\/uploads\/2021\/12\/Logo_LPV_256-150x150.png 150w, http:\/\/lfl-sachsen-anhalt.de\/lfllsa2\/wp-content\/uploads\/2021\/12\/Logo_LPV_256-100x100.png 100w\" sizes=\"auto, (max-width: 137px) 100vw, 137px\" \/>Romantik pur! \u201eAn der Saale hellem Strande stehen Burgen stolz und k\u00fchn\u2026\u201c \u2013 von Dichtern wie Joseph von Eichendorff wurde die Saale und die sie umgebende Landschaft gepriesen. Weit \u00fcber die Region hinaus bekannt sind die Burg Giebichenstein bei Halle und die Stammburg der s\u00e4chsischen F\u00fcrsten und K\u00f6nige in Wettin.<\/p>\n<p>Auch heute hat der untere Abschnitt der Saale seinen Reiz nicht verloren. Hier hat unser j\u00fcngstes Mitglied seinen Wirkungsbereich und engagiert sich seit dem Jahr 2007 mit viel pers\u00f6nlichem Engagement f\u00fcr die Erhaltung der regionalen Kulturlandschaft zwischen der alten Salzstadt Halle\/ Saale und der Kreisstadt Bernburg.<\/p>\n\n\n<figure class=\"wp-block-image size-large\"><img loading=\"lazy\" decoding=\"async\" width=\"1024\" height=\"548\" src=\"http:\/\/lfl-sachsen-anhalt.de\/lfllsa2\/wp-content\/uploads\/2021\/12\/Saaletal_mann-1024x548.jpg\" alt=\"\" class=\"wp-image-457\" srcset=\"http:\/\/lfl-sachsen-anhalt.de\/lfllsa2\/wp-content\/uploads\/2021\/12\/Saaletal_mann-1024x548.jpg 1024w, http:\/\/lfl-sachsen-anhalt.de\/lfllsa2\/wp-content\/uploads\/2021\/12\/Saaletal_mann-300x161.jpg 300w, http:\/\/lfl-sachsen-anhalt.de\/lfllsa2\/wp-content\/uploads\/2021\/12\/Saaletal_mann-768x411.jpg 768w, http:\/\/lfl-sachsen-anhalt.de\/lfllsa2\/wp-content\/uploads\/2021\/12\/Saaletal_mann-1536x822.jpg 1536w, http:\/\/lfl-sachsen-anhalt.de\/lfllsa2\/wp-content\/uploads\/2021\/12\/Saaletal_mann-650x348.jpg 650w, http:\/\/lfl-sachsen-anhalt.de\/lfllsa2\/wp-content\/uploads\/2021\/12\/Saaletal_mann.jpg 1600w\" sizes=\"auto, (max-width: 1024px) 100vw, 1024px\" \/><figcaption>Blick in das untere Saaletal (Foto: Sandra Mann)<\/figcaption><\/figure>\n\n\n\n<p>Ackerbau mit gro\u00dfen Feldern dominiert das Landschaftsbild im fruchtbaren \u00f6stlichen Harzvorland. Der Harz mit seinem Regenschatten ist verantwortlich f\u00fcr die sehr geringen Niederschl\u00e4ge in der Region, die teilweise unter 500 mm pro Jahr liegen. In der Saaleaue selbst dominiert eint\u00f6niges Weidegr\u00fcnland, aber auch wertvolle Auwaldreste haben sich erhalten. Tief hat sich der Fluss seinen Lauf in die Felsen aus rotem Porphyr und Sandstein gegraben. Die beeindruckenden Steilh\u00e4nge in den Durchbruchst\u00e4lern der Saale sind Extremstandorte und beherbergen gesch\u00fctzte Felsflure, Halbtrocken- und Trockenrasen mit Vorkommen seltener und gef\u00e4hrdeter Pflanzen- und Tierarten. Der kontinentale Einfluss ist nicht zu \u00fcbersehen. <\/p>\n\n\n\n<figure class=\"wp-block-image size-large\"><img loading=\"lazy\" decoding=\"async\" width=\"1024\" height=\"410\" src=\"http:\/\/lfl-sachsen-anhalt.de\/lfllsa2\/wp-content\/uploads\/2021\/12\/Streuobstwiesenpflege_mit_Burenziegen-1024x410.jpg\" alt=\"\" class=\"wp-image-458\" srcset=\"http:\/\/lfl-sachsen-anhalt.de\/lfllsa2\/wp-content\/uploads\/2021\/12\/Streuobstwiesenpflege_mit_Burenziegen-1024x410.jpg 1024w, http:\/\/lfl-sachsen-anhalt.de\/lfllsa2\/wp-content\/uploads\/2021\/12\/Streuobstwiesenpflege_mit_Burenziegen-300x120.jpg 300w, http:\/\/lfl-sachsen-anhalt.de\/lfllsa2\/wp-content\/uploads\/2021\/12\/Streuobstwiesenpflege_mit_Burenziegen-768x308.jpg 768w, http:\/\/lfl-sachsen-anhalt.de\/lfllsa2\/wp-content\/uploads\/2021\/12\/Streuobstwiesenpflege_mit_Burenziegen-1536x615.jpg 1536w, http:\/\/lfl-sachsen-anhalt.de\/lfllsa2\/wp-content\/uploads\/2021\/12\/Streuobstwiesenpflege_mit_Burenziegen-650x260.jpg 650w, http:\/\/lfl-sachsen-anhalt.de\/lfllsa2\/wp-content\/uploads\/2021\/12\/Streuobstwiesenpflege_mit_Burenziegen.jpg 1600w\" sizes=\"auto, (max-width: 1024px) 100vw, 1024px\" \/><figcaption>Streuobstwiesenpflege mit Burenziegen (Foto: Sandra Mann)<\/figcaption><\/figure>\n\n\n\n<p>Fr\u00fcher weideten an diesen Standorten Schafe und Ziegen in gro\u00dfer Zahl. Diese traditionelle Nutzung wird durch den Verein fortgesetzt. Eine 120-k\u00f6pfige Ziegenherde weidet vor allem in Schutzgebieten auf \u00fcber 40 Hektar Fl\u00e4che. Sie wird durch Rinder und Pferde dabei unterst\u00fctzt, die wertvollen Lebensr\u00e4ume vor Vergrasung und Verbuschung zu bewahren. Durch die Neuanlage von Hecken sorgt der Verein f\u00fcr mehr Struktur, Windschutz und Lebensraum f\u00fcr Niederwild in der Agrarlandschaft. Aktionen der Umweltbildung f\u00fcr Klein und Gro\u00df runden das Angebot des Landschaftspflegevereins ab.<\/p>\n\n\n\n<figure class=\"wp-block-image size-large\"><img loading=\"lazy\" decoding=\"async\" width=\"1024\" height=\"365\" src=\"http:\/\/lfl-sachsen-anhalt.de\/lfllsa2\/wp-content\/uploads\/2021\/12\/Stengelloser_Tragant-1024x365.jpg\" alt=\"\" class=\"wp-image-459\" srcset=\"http:\/\/lfl-sachsen-anhalt.de\/lfllsa2\/wp-content\/uploads\/2021\/12\/Stengelloser_Tragant-1024x365.jpg 1024w, http:\/\/lfl-sachsen-anhalt.de\/lfllsa2\/wp-content\/uploads\/2021\/12\/Stengelloser_Tragant-300x107.jpg 300w, http:\/\/lfl-sachsen-anhalt.de\/lfllsa2\/wp-content\/uploads\/2021\/12\/Stengelloser_Tragant-768x274.jpg 768w, http:\/\/lfl-sachsen-anhalt.de\/lfllsa2\/wp-content\/uploads\/2021\/12\/Stengelloser_Tragant-1536x548.jpg 1536w, http:\/\/lfl-sachsen-anhalt.de\/lfllsa2\/wp-content\/uploads\/2021\/12\/Stengelloser_Tragant-650x232.jpg 650w, http:\/\/lfl-sachsen-anhalt.de\/lfllsa2\/wp-content\/uploads\/2021\/12\/Stengelloser_Tragant.jpg 1800w\" sizes=\"auto, (max-width: 1024px) 100vw, 1024px\" \/><figcaption>Der St\u00e4ngelloser Tragant kommt in Deutschland nur im Mitteldeutschen Trockengebiet vor. (Foto: Sandra Mann)<\/figcaption><\/figure>\n","protected":false},"excerpt":{"rendered":"<p>Landschaftspflegeverein Saaletal e.V.Vorsitzende Sandra Mann Zickeritz 18 \u2022 06420 K\u00f6nnern OT ZickeritzPost an: Zickeritz 27 \u2022 06420 K\u00f6nnern OT ZickeritzTelefon: (0175) 88 97 974E-Mail: mail@lpv-saaletal.dewww.lpv-saaletal.de Ihre Ansprechpartner sind:Dipl.-Ing. (FH) Sandra Mann und Dipl.-Ing. (FH) Matthias Necker Romantik pur! \u201eAn der Saale hellem Strande stehen Burgen stolz und k\u00fchn\u2026\u201c \u2013 von <a class=\"more-link\" href=\"http:\/\/lfl-sachsen-anhalt.de\/lfllsa2\/lpv-saaletal-e-v\/\">[ . . . ]<\/a><\/p>\n","protected":false},"author":1,"featured_media":0,"parent":0,"menu_order":0,"comment_status":"closed","ping_status":"closed","template":"","meta":{"footnotes":""},"class_list":["post-453","page","type-page","status-publish","hentry"],"_links":{"self":[{"href":"http:\/\/lfl-sachsen-anhalt.de\/lfllsa2\/wp-json\/wp\/v2\/pages\/453","targetHints":{"allow":["GET"]}}],"collection":[{"href":"http:\/\/lfl-sachsen-anhalt.de\/lfllsa2\/wp-json\/wp\/v2\/pages"}],"about":[{"href":"http:\/\/lfl-sachsen-anhalt.de\/lfllsa2\/wp-json\/wp\/v2\/types\/page"}],"author":[{"embeddable":true,"href":"http:\/\/lfl-sachsen-anhalt.de\/lfllsa2\/wp-json\/wp\/v2\/users\/1"}],"replies":[{"embeddable":true,"href":"http:\/\/lfl-sachsen-anhalt.de\/lfllsa2\/wp-json\/wp\/v2\/comments?post=453"}],"version-history":[{"count":6,"href":"http:\/\/lfl-sachsen-anhalt.de\/lfllsa2\/wp-json\/wp\/v2\/pages\/453\/revisions"}],"predecessor-version":[{"id":527,"href":"http:\/\/lfl-sachsen-anhalt.de\/lfllsa2\/wp-json\/wp\/v2\/pages\/453\/revisions\/527"}],"wp:attachment":[{"href":"http:\/\/lfl-sachsen-anhalt.de\/lfllsa2\/wp-json\/wp\/v2\/media?parent=453"}],"curies":[{"name":"wp","href":"https:\/\/api.w.org\/{rel}","templated":true}]}}