{"id":284,"date":"2020-01-24T18:07:12","date_gmt":"2020-01-24T17:07:12","guid":{"rendered":"http:\/\/lfl-sachsen-anhalt.de\/lfllsa2\/?page_id=284"},"modified":"2020-01-28T14:51:11","modified_gmt":"2020-01-28T13:51:11","slug":"sachsen-anhalt-ist-schoen","status":"publish","type":"page","link":"http:\/\/lfl-sachsen-anhalt.de\/lfllsa2\/sachsen-anhalt-ist-schoen\/","title":{"rendered":"Sachsen-Anhalt ist sch\u00f6n"},"content":{"rendered":"\n<p>Betrachtet man die Fl\u00e4che, ist Sachsen-Anhalt als achtgr\u00f6\u00dftes Bundesland und mit etwa 2,2 Millionen Einwohner relativ d\u00fcnn besiedelt. Und doch gibt es hier einiges zu entdecken.<\/p>\n\n\n\n<figure class=\"wp-block-image size-large\"><img loading=\"lazy\" decoding=\"async\" width=\"1024\" height=\"282\" src=\"http:\/\/lfl-sachsen-anhalt.de\/lfllsa2\/wp-content\/uploads\/2020\/01\/md_dom2-1024x282.jpg\" alt=\"\" class=\"wp-image-289\" srcset=\"http:\/\/lfl-sachsen-anhalt.de\/lfllsa2\/wp-content\/uploads\/2020\/01\/md_dom2-1024x282.jpg 1024w, http:\/\/lfl-sachsen-anhalt.de\/lfllsa2\/wp-content\/uploads\/2020\/01\/md_dom2-300x83.jpg 300w, http:\/\/lfl-sachsen-anhalt.de\/lfllsa2\/wp-content\/uploads\/2020\/01\/md_dom2-768x211.jpg 768w, http:\/\/lfl-sachsen-anhalt.de\/lfllsa2\/wp-content\/uploads\/2020\/01\/md_dom2-1536x422.jpg 1536w, http:\/\/lfl-sachsen-anhalt.de\/lfllsa2\/wp-content\/uploads\/2020\/01\/md_dom2-650x179.jpg 650w, http:\/\/lfl-sachsen-anhalt.de\/lfllsa2\/wp-content\/uploads\/2020\/01\/md_dom2.jpg 2000w\" sizes=\"auto, (max-width: 1024px) 100vw, 1024px\" \/><figcaption>Die Landeshauptstadt Magdeburg an der Elbe<\/figcaption><\/figure>\n\n\n\n<p>Entlang von Elbe und Saale liegt nicht nur die kulturelle und politische Wiege Preu\u00dfens oder gar Deutschlands. Die fruchtbaren Schwarzerdegebiete und das milde Klima lie\u00dfen die Menschen in unserer Region schon sehr lange sesshaft werden. Ihre Spuren sind meist verwischt. Das \u00e4lteste Zeugnis der menschlichen Kultur in unserer Region ist das Sonnenobservatorium von Goseck, mit 7.000 Jahren das wohl weltweit \u00e4lteste seiner Art. Weithin bekannt ist au\u00dferdem die Himmelsscheibe von Nebra. Die Baudenkm\u00e4ler entlang der Stra\u00dfe der Romanik erm\u00f6glichen einen R\u00fcckblick in das Mittelalter des 10. bis 12. Jahrhunderts. Die Wirkungsst\u00e4tten von Martin Luther, die Fachwerkst\u00e4dte am Harz, das Dessau-W\u00f6rlitzer Gartenreich oder das Bauhaus Dessau sind beliebte touristische Ziele. Sachsen-Anhalt ist \u00fcbrigens das Bundesland mit den meisten UNESCO-Welterbest\u00e4tten. Zum immateriellen Weltkulturerbe der UNESCO geh\u00f6ren au\u00dferdem die Salzwirker-Br\u00fcderschaft im Thale zu Halle (Halloren) und die jahrhundertealte Schachtradition im Dorf Str\u00f6beck bei Halberstadt. Schon gewusst? Auch die Lichtme\u00dffeier von Spergau, einem kleinen Dorf bei Leuna im Saalekreis, geh\u00f6rt dazu.<\/p>\n\n\n\n<p>Die <strong><em>Naturausstattung <\/em><\/strong>unseres Bundeslandes in der Mitte Europas ist reizvoll, vielf\u00e4ltig und steht der Kultur in nichts nach. Oft lohnt sich ein genaueres Hinsehen und die sch\u00f6nen Dinge einer Landschaft er\u00f6ffnen sich auf den zweiten Blick. <\/p>\n\n\n\n<figure class=\"wp-block-image size-large\"><img loading=\"lazy\" decoding=\"async\" width=\"485\" height=\"613\" src=\"http:\/\/lfl-sachsen-anhalt.de\/lfllsa2\/wp-content\/uploads\/2020\/01\/lsa_karte.jpg\" alt=\"\" class=\"wp-image-291\" srcset=\"http:\/\/lfl-sachsen-anhalt.de\/lfllsa2\/wp-content\/uploads\/2020\/01\/lsa_karte.jpg 485w, http:\/\/lfl-sachsen-anhalt.de\/lfllsa2\/wp-content\/uploads\/2020\/01\/lsa_karte-237x300.jpg 237w, http:\/\/lfl-sachsen-anhalt.de\/lfllsa2\/wp-content\/uploads\/2020\/01\/lsa_karte-300x379.jpg 300w\" sizes=\"auto, (max-width: 485px) 100vw, 485px\" \/><figcaption>Landschaften in Sachsen-Anhalt (vereinfachte Darstellung)<\/figcaption><\/figure>\n\n\n\n<p>Sachsen-Anhalt ist ein flaches Land, 95 Prozent seiner Fl\u00e4che liegen unter 300 m NHN. Weithin sichtbar ist daher im westlichen Teil des Bundeslandes der <strong>Harz<\/strong> &#8211; das Dach Sachsen-Anhalts. Er ist das n\u00f6rdlichste Mittelgebirge Deutschlands und eine erste Barriere f\u00fcr die n\u00f6rdlichen rauen Winde. Bunte Bergwiesen, tiefe Schluchten, ausgedehnte Buchenw\u00e4lder und der Brocken bestimmen die Region. F\u00fcr Freunde der Geologie ist der Harz eine wahre Schatzkammer. <\/p>\n\n\n<p><img loading=\"lazy\" decoding=\"async\" class=\"wp-image-293 alignright\" src=\"http:\/\/lfl-sachsen-anhalt.de\/lfllsa2\/wp-content\/uploads\/2020\/01\/teufelsmauer-300x261.jpg\" alt=\"\" width=\"214\" height=\"176\" \/>Im n\u00f6rdlichen<strong> Harzvorland<\/strong> ist die bekannteste Felsformation die sagenumwobene Teufelsmauer zwischen Blankenburg und Ballenstedt. Artenvielfalt ist in dieser Region nicht nur ein Schlagwort. Hier beginnt der waldarme Teil des Landes. Auf dem Weg in den Norden durchquert man die fruchtbare <strong>Magdeburger B\u00f6rde<\/strong> mit riesigen Feldern, passiert die Niedermoorlandschaft des <strong>Dr\u00f6mling<\/strong> mit seinen unendlich vielen Gr\u00e4ben und erreicht schlie\u00dflich die <strong>Altmark<\/strong>. Hier ist kann es sehr einsam werden. Der Altmarkkreis Salzwedel (37 EW\/ km\u00b2) ist nach dem Brandenburger Landkreis Prignitz (36 EW\/ km\u00b2) der am d\u00fcnnsten besiedelte Kreis in Deutschland. Die weiten Niederungen von Elbe und Havel bestimmen das Landschaftsbild. Sterne gucken und die Milchstra\u00dfe in ihrer vollen Pracht beobachten \u2013 die N\u00e4chte sind dunkel genug und wenig von Lichtverschmutzung beeintr\u00e4chtigt. Ein tolles Erlebnis. Hier liegt der gr\u00f6\u00dfte nat\u00fcrliche See Sachsen-Anhalts, der Arendsee.<\/p>\n\n\n<figure class=\"wp-block-image size-large\"><img loading=\"lazy\" decoding=\"async\" width=\"1024\" height=\"441\" src=\"http:\/\/lfl-sachsen-anhalt.de\/lfllsa2\/wp-content\/uploads\/2020\/01\/altm_arendsee2-1024x441.jpg\" alt=\"Arendsee\" class=\"wp-image-337\" srcset=\"http:\/\/lfl-sachsen-anhalt.de\/lfllsa2\/wp-content\/uploads\/2020\/01\/altm_arendsee2-1024x441.jpg 1024w, http:\/\/lfl-sachsen-anhalt.de\/lfllsa2\/wp-content\/uploads\/2020\/01\/altm_arendsee2-300x129.jpg 300w, http:\/\/lfl-sachsen-anhalt.de\/lfllsa2\/wp-content\/uploads\/2020\/01\/altm_arendsee2-768x331.jpg 768w, http:\/\/lfl-sachsen-anhalt.de\/lfllsa2\/wp-content\/uploads\/2020\/01\/altm_arendsee2-1536x661.jpg 1536w, http:\/\/lfl-sachsen-anhalt.de\/lfllsa2\/wp-content\/uploads\/2020\/01\/altm_arendsee2-650x280.jpg 650w, http:\/\/lfl-sachsen-anhalt.de\/lfllsa2\/wp-content\/uploads\/2020\/01\/altm_arendsee2.jpg 2000w\" sizes=\"auto, (max-width: 1024px) 100vw, 1024px\" \/><figcaption>Der Arendsee in der Altmark. (Foto: LPV Altmark)<\/figcaption><\/figure>\n\n\n\n<p>Im Osten wird es im <strong>Fl\u00e4ming<\/strong>,\neiner End- und Grundmor\u00e4nenlandschaft, wieder etwas h\u00fcgeliger. Auf dem Weg nach\nS\u00fcden quert man erneut die <strong>Elbe<\/strong>, den\ngr\u00f6\u00dften Fluss Sachsen-Anhalts. Als UNESCO-Biosph\u00e4renreservat ist die\nFlusslandschaft der Mittelelbe bei Dessau bereits seit 1979 anerkannt. Es\nschlie\u00dfen sich gro\u00dfe Heiden, darunter das Waldgebiet der <strong>D\u00fcbener Heide<\/strong> an. <\/p>\n\n\n<p><img loading=\"lazy\" decoding=\"async\" class=\"size-medium wp-image-296 alignright\" src=\"http:\/\/lfl-sachsen-anhalt.de\/lfllsa2\/wp-content\/uploads\/2020\/01\/unstut_wein-225x300.jpg\" alt=\"\" height=\"300\" width=\"225\" srcset=\"http:\/\/lfl-sachsen-anhalt.de\/lfllsa2\/wp-content\/uploads\/2020\/01\/unstut_wein-225x300.jpg 225w, http:\/\/lfl-sachsen-anhalt.de\/lfllsa2\/wp-content\/uploads\/2020\/01\/unstut_wein-300x400.jpg 300w, http:\/\/lfl-sachsen-anhalt.de\/lfllsa2\/wp-content\/uploads\/2020\/01\/unstut_wein.jpg 500w\" sizes=\"auto, (max-width: 225px) 100vw, 225px\" \/>Die Mitte Sachsen-Anhalts ist von wieder von Ackerbau und Standorten der chemischen Industrie gepr\u00e4gt. Die L\u00f6ssb\u00f6den bei Halle und Querfurt sind sehr ertragreich. Die Fl\u00fcsse Saale und Wei\u00dfe Elster beleben mit ihren Auw\u00e4ldern das Landschaftsbild. Mittendrin beeindrucken der S\u00fc\u00dfe See und die Haldenlandschaft des Kupferbergbaus im Mansfelder Land. Einst war hier das gr\u00f6\u00dfte geschlossene n\u00f6rdliche Aprikosenanbaugebiet. Obst- und Weinbau hat hier eine lange Tradition.<\/p>\n\n\n<p>Ganz im S\u00fcden sind die Kontraste extrem. Im Burgenlandkreis findet\nnoch aktiver Bergbau auf Braunkohle statt. Die ehemaligen Tagebauregionen, z.\nB. bei Merseburg, wurden rekultiviert. F\u00fcr die Entwicklung der Landschaft\ner\u00f6ffnen sich damit viele neue Chancen. Mit dem Geiseltalsee entstand der\ngr\u00f6\u00dfte k\u00fcnstliche See. 1.850 Hektar misst seine Oberfl\u00e4che. Auf dem Weg nach\nNorden erreicht man die historische Weinbauregion an der Unstrut. Neben\nWeinbergen kann man au\u00dferdem orchideenreiche Magerrasen bestaunen.<\/p>\n\n\n\n<figure class=\"wp-block-image size-large\"><img loading=\"lazy\" decoding=\"async\" width=\"1024\" height=\"476\" src=\"http:\/\/lfl-sachsen-anhalt.de\/lfllsa2\/wp-content\/uploads\/2020\/01\/lsa_tilleda-1024x476.jpg\" alt=\"\" class=\"wp-image-299\" srcset=\"http:\/\/lfl-sachsen-anhalt.de\/lfllsa2\/wp-content\/uploads\/2020\/01\/lsa_tilleda-1024x476.jpg 1024w, http:\/\/lfl-sachsen-anhalt.de\/lfllsa2\/wp-content\/uploads\/2020\/01\/lsa_tilleda-300x140.jpg 300w, http:\/\/lfl-sachsen-anhalt.de\/lfllsa2\/wp-content\/uploads\/2020\/01\/lsa_tilleda-768x357.jpg 768w, http:\/\/lfl-sachsen-anhalt.de\/lfllsa2\/wp-content\/uploads\/2020\/01\/lsa_tilleda-1536x714.jpg 1536w, http:\/\/lfl-sachsen-anhalt.de\/lfllsa2\/wp-content\/uploads\/2020\/01\/lsa_tilleda-650x302.jpg 650w, http:\/\/lfl-sachsen-anhalt.de\/lfllsa2\/wp-content\/uploads\/2020\/01\/lsa_tilleda.jpg 1800w\" sizes=\"auto, (max-width: 1024px) 100vw, 1024px\" \/><figcaption>Ansichten aus dem Ort Tilleda. Bl\u00fchende Streuobstwiesen.<\/figcaption><\/figure>\n\n\n\n<p>Kurz vor dem Harz schlie\u00dft sich der Kreis mit dem lieblichen s\u00fcdlichen Harzvorland. Hier bezaubert uns die einmalige Gipskarstlandschaft mit einer beeindruckenden Artenvielfalt und Karsterscheinungen, wie dem periodischen See \u201eBauerngraben\u201c bei Ro\u00dfla.<\/p>\n","protected":false},"excerpt":{"rendered":"<p>Betrachtet man die Fl\u00e4che, ist Sachsen-Anhalt als achtgr\u00f6\u00dftes Bundesland und mit etwa 2,2 Millionen Einwohner relativ d\u00fcnn besiedelt. Und doch gibt es hier einiges zu entdecken. Entlang von Elbe und Saale liegt nicht nur die kulturelle und politische Wiege Preu\u00dfens oder gar Deutschlands. Die fruchtbaren Schwarzerdegebiete und das milde Klima <a class=\"more-link\" href=\"http:\/\/lfl-sachsen-anhalt.de\/lfllsa2\/sachsen-anhalt-ist-schoen\/\">[ . . . ]<\/a><\/p>\n","protected":false},"author":1,"featured_media":0,"parent":0,"menu_order":0,"comment_status":"closed","ping_status":"closed","template":"","meta":{"footnotes":""},"class_list":["post-284","page","type-page","status-publish","hentry"],"_links":{"self":[{"href":"http:\/\/lfl-sachsen-anhalt.de\/lfllsa2\/wp-json\/wp\/v2\/pages\/284","targetHints":{"allow":["GET"]}}],"collection":[{"href":"http:\/\/lfl-sachsen-anhalt.de\/lfllsa2\/wp-json\/wp\/v2\/pages"}],"about":[{"href":"http:\/\/lfl-sachsen-anhalt.de\/lfllsa2\/wp-json\/wp\/v2\/types\/page"}],"author":[{"embeddable":true,"href":"http:\/\/lfl-sachsen-anhalt.de\/lfllsa2\/wp-json\/wp\/v2\/users\/1"}],"replies":[{"embeddable":true,"href":"http:\/\/lfl-sachsen-anhalt.de\/lfllsa2\/wp-json\/wp\/v2\/comments?post=284"}],"version-history":[{"count":7,"href":"http:\/\/lfl-sachsen-anhalt.de\/lfllsa2\/wp-json\/wp\/v2\/pages\/284\/revisions"}],"predecessor-version":[{"id":338,"href":"http:\/\/lfl-sachsen-anhalt.de\/lfllsa2\/wp-json\/wp\/v2\/pages\/284\/revisions\/338"}],"wp:attachment":[{"href":"http:\/\/lfl-sachsen-anhalt.de\/lfllsa2\/wp-json\/wp\/v2\/media?parent=284"}],"curies":[{"name":"wp","href":"https:\/\/api.w.org\/{rel}","templated":true}]}}