{"id":187,"date":"2019-12-02T20:48:20","date_gmt":"2019-12-02T19:48:20","guid":{"rendered":"http:\/\/lfl-sachsen-anhalt.de\/lfllsa2\/?page_id=187"},"modified":"2020-01-24T15:57:40","modified_gmt":"2020-01-24T14:57:40","slug":"lpv-oestliches-harzvorland-e-v","status":"publish","type":"page","link":"http:\/\/lfl-sachsen-anhalt.de\/lfllsa2\/lpv-oestliches-harzvorland-e-v\/","title":{"rendered":"LPV \u00d6stliches Harzvorland e.V."},"content":{"rendered":"\n<p><strong>Landschaftspflegeverband \u00d6stliches Harzvorland e.V.<\/strong><br>Vorsitzender Micha Reimer<\/p>\n\n\n\n<p>Schlenzetaler Stra\u00dfe 3 \u2022 06347 Gerbstedt \/ OT Friedeburgerh\u00fctte<br>Telefon: 034783-30311 \u2022 Telefax: 034783-901472<br>E-Mail: <a rel=\"noreferrer noopener\" target=\"_blank\" href=\"mailto:kontakt@lpv-oestliches-harzvorland.de\">kontakt@lpv-oestliches-harzvorland.de<\/a><br><a rel=\"noreferrer noopener\" target=\"_blank\" href=\"http:\/\/www.lpv-oestliches-harzvorland.de\">www.lpv-oestliches-harzvorland.de<\/a><\/p>\n\n\n\n<hr class=\"wp-block-separator\"\/>\n\n\n<p><img loading=\"lazy\" decoding=\"async\" class=\" wp-image-197 alignright\" src=\"http:\/\/lfl-sachsen-anhalt.de\/lfllsa2\/wp-content\/uploads\/2019\/12\/Logo_HarzVL-300x208.jpg\" alt=\"\" width=\"210\" height=\"143\" \/>Willkommen in einer der trockensten Regionen Deutschlands! Sp\u00e4testens seit dem Lutherjahr 2018 ist das Mansfelder Land als Heimat des ber\u00fchmten Reformators Martin Luther bekannt. Es liegt zwischen dem unteren Saaletal, der Stadt Halle\/ Saale und dem \u00f6stlichen Harz. Kupferschieferhalden in allen Gr\u00f6\u00dfenordnungen zeugen von einer \u00fcber 800 Jahre dauernden Bergbautradition. Der Salzsee \u201eS\u00fc\u00dfer See\u201c bei Eisleben ist ein \u00fcberregional bedeutsames Obstanbaugebiet. Die g\u00fcnstige klimatische Lage im Mitteldeutschen Trockengebiet und der Regenschatten des Harzes erm\u00f6glichen sogar den Anbau von Aprikosen und Wein. Die B\u00f6den sind durch L\u00f6\u00dfauflagen fruchtbar. Daher ist die wellige Landschaft offen und vom gro\u00dffl\u00e4chigen Ackerbau bestimmt. Inselartig werden die Felder von den mittelalterlichen Kleinhalden mit seltener Schwermetallflora unterbrochen. An s\u00fcdexponierten Steilh\u00e4ngen findet man streng gesch\u00fctzte Halbtrocken- und Trockenrasen.<\/p>\n<p>Der Verein hat sich vor allem um den Erhalt einheimischer Obstsorten, die Nutzung von Streuobstwiesen, den Erhalt des Aprikosenanbaus (vor 1990 befand sich hier das gr\u00f6\u00dfte zusammenh\u00e4ngende Aprikosenanbaugebiet n\u00f6rdlich der Alpen) und die Vermarktung landschaftstypischer Sorten verdient gemacht. Er engagiert sich f\u00fcr den Schutz der Segetal- und der Schwermetallflora in der Region. In der Gesch\u00e4ftsstelle im kleinen Ort Friedeburgerh\u00fctte wird heimisches Obst zu leckeren Konfit\u00fcren, Fruchtaufstrichen und Gelees verarbeitet, die man im Hofladen oder \u00fcber die Genussbox Mansfeld-S\u00fcdharz beziehen kann. Veranstaltungen zu Themen der Umweltbildung erg\u00e4nzen die Arbeit des LPV.<\/p>\n\n\n<figure class=\"wp-block-image size-large\"><img loading=\"lazy\" decoding=\"async\" width=\"392\" height=\"294\" src=\"http:\/\/lfl-sachsen-anhalt.de\/lfllsa2\/wp-content\/uploads\/2020\/01\/harzvl_kupferbluemchen.jpg\" alt=\"\" class=\"wp-image-277\" srcset=\"http:\/\/lfl-sachsen-anhalt.de\/lfllsa2\/wp-content\/uploads\/2020\/01\/harzvl_kupferbluemchen.jpg 392w, http:\/\/lfl-sachsen-anhalt.de\/lfllsa2\/wp-content\/uploads\/2020\/01\/harzvl_kupferbluemchen-300x225.jpg 300w, http:\/\/lfl-sachsen-anhalt.de\/lfllsa2\/wp-content\/uploads\/2020\/01\/harzvl_kupferbluemchen-261x196.jpg 261w\" sizes=\"auto, (max-width: 392px) 100vw, 392px\" \/><figcaption>Kupferbl\u00fcmchen (Foto: LPV)<\/figcaption><\/figure>\n","protected":false},"excerpt":{"rendered":"<p>Landschaftspflegeverband \u00d6stliches Harzvorland e.V.Vorsitzender Micha Reimer Schlenzetaler Stra\u00dfe 3 \u2022 06347 Gerbstedt \/ OT Friedeburgerh\u00fctteTelefon: 034783-30311 \u2022 Telefax: 034783-901472E-Mail: kontakt@lpv-oestliches-harzvorland.dewww.lpv-oestliches-harzvorland.de Willkommen in einer der trockensten Regionen Deutschlands! Sp\u00e4testens seit dem Lutherjahr 2018 ist das Mansfelder Land als Heimat des ber\u00fchmten Reformators Martin Luther bekannt. Es liegt zwischen dem unteren Saaletal, <a class=\"more-link\" href=\"http:\/\/lfl-sachsen-anhalt.de\/lfllsa2\/lpv-oestliches-harzvorland-e-v\/\">[ . . . ]<\/a><\/p>\n","protected":false},"author":1,"featured_media":244,"parent":0,"menu_order":0,"comment_status":"closed","ping_status":"closed","template":"","meta":{"footnotes":""},"class_list":["post-187","page","type-page","status-publish","has-post-thumbnail","hentry"],"_links":{"self":[{"href":"http:\/\/lfl-sachsen-anhalt.de\/lfllsa2\/wp-json\/wp\/v2\/pages\/187","targetHints":{"allow":["GET"]}}],"collection":[{"href":"http:\/\/lfl-sachsen-anhalt.de\/lfllsa2\/wp-json\/wp\/v2\/pages"}],"about":[{"href":"http:\/\/lfl-sachsen-anhalt.de\/lfllsa2\/wp-json\/wp\/v2\/types\/page"}],"author":[{"embeddable":true,"href":"http:\/\/lfl-sachsen-anhalt.de\/lfllsa2\/wp-json\/wp\/v2\/users\/1"}],"replies":[{"embeddable":true,"href":"http:\/\/lfl-sachsen-anhalt.de\/lfllsa2\/wp-json\/wp\/v2\/comments?post=187"}],"version-history":[{"count":5,"href":"http:\/\/lfl-sachsen-anhalt.de\/lfllsa2\/wp-json\/wp\/v2\/pages\/187\/revisions"}],"predecessor-version":[{"id":278,"href":"http:\/\/lfl-sachsen-anhalt.de\/lfllsa2\/wp-json\/wp\/v2\/pages\/187\/revisions\/278"}],"wp:featuredmedia":[{"embeddable":true,"href":"http:\/\/lfl-sachsen-anhalt.de\/lfllsa2\/wp-json\/wp\/v2\/media\/244"}],"wp:attachment":[{"href":"http:\/\/lfl-sachsen-anhalt.de\/lfllsa2\/wp-json\/wp\/v2\/media?parent=187"}],"curies":[{"name":"wp","href":"https:\/\/api.w.org\/{rel}","templated":true}]}}