{"id":183,"date":"2019-12-02T20:44:57","date_gmt":"2019-12-02T19:44:57","guid":{"rendered":"http:\/\/lfl-sachsen-anhalt.de\/lfllsa2\/?page_id=183"},"modified":"2021-12-02T11:41:40","modified_gmt":"2021-12-02T10:41:40","slug":"lpv-wittenberg-e-v","status":"publish","type":"page","link":"http:\/\/lfl-sachsen-anhalt.de\/lfllsa2\/lpv-wittenberg-e-v\/","title":{"rendered":"LPV Wittenberg e.V."},"content":{"rendered":"\n<p><strong>Landschaftspflegeverband Wittenberg e.V.<\/strong><br>Vorsitzende Petra Stengel<\/p>\n\n\n\n<p>Pfaffengasse 18 \u2022 06886 Wittenberg<br>Telefon: (03491) 505 20 20<br>E-Mail: <a rel=\"noreferrer noopener\" target=\"_blank\" href=\"mailto:LPV.Wittenberg@t-online.de\">info@lpv-wittenberg.de<\/a><br><a rel=\"noreferrer noopener\" target=\"_blank\" href=\"http:\/\/www.lpv-wittenberg.de\">www.lpv-wittenberg.de<\/a><\/p>\n\n\n\n<hr class=\"wp-block-separator\"\/>\n\n\n<p><img loading=\"lazy\" decoding=\"async\" class=\" wp-image-199 alignright\" src=\"http:\/\/lfl-sachsen-anhalt.de\/lfllsa2\/wp-content\/uploads\/2019\/12\/Logo_Wittenbg-300x284.jpg\" alt=\"\" width=\"200\" height=\"190\" srcset=\"http:\/\/lfl-sachsen-anhalt.de\/lfllsa2\/wp-content\/uploads\/2019\/12\/Logo_Wittenbg-300x284.jpg 300w, http:\/\/lfl-sachsen-anhalt.de\/lfllsa2\/wp-content\/uploads\/2019\/12\/Logo_Wittenbg.jpg 400w\" sizes=\"auto, (max-width: 200px) 100vw, 200px\" \/>Im \u00f6stlichen Zipfel Sachsen-Anhalts ist der LPV Wittenberg im gleichnamigen Landkreis seit 1995 t\u00e4tig. Er ist der waldreichste Landkreis Sachsen-Anhalts. Fast 40% seiner Fl\u00e4che sind von Wald bedeckt. Die Landschaft ist vielf\u00e4ltig: Im Norden begrenzt der H\u00f6henzug des Fl\u00e4ming mit \u00c4ckern, Wiesen und W\u00e4ldern, im S\u00fcden die Endmor\u00e4nenlandschaft der waldreichen D\u00fcbener Heide mit sandigen B\u00f6den das Gebiet. Dazwischen liegen naturnahe Flussauenlandschaften von Elbe und Schwarzer Elster mit ausgedehnten Gr\u00fcnl\u00e4ndern, Kopfb\u00e4umen und Auw\u00e4ldern. Es ist nicht nur das Reich der Biber. Viele andere gesch\u00fctzte Tier-und Pflanzenarten leben hier in Schutzgebieten. Zahlreiche Touristen besuchen die Lutherstadt Wittenberg. Aber auch der Braunkohleabbau hat die Landschaft gepr\u00e4gt, Seen sind neu entstanden.<\/p>\n\n\n<figure class=\"wp-block-image size-large\"><img loading=\"lazy\" decoding=\"async\" width=\"1024\" height=\"445\" src=\"http:\/\/lfl-sachsen-anhalt.de\/lfllsa2\/wp-content\/uploads\/2019\/11\/KopfbildLFL3-1024x445.jpg\" alt=\"\" class=\"wp-image-14\" srcset=\"http:\/\/lfl-sachsen-anhalt.de\/lfllsa2\/wp-content\/uploads\/2019\/11\/KopfbildLFL3-1024x445.jpg 1024w, http:\/\/lfl-sachsen-anhalt.de\/lfllsa2\/wp-content\/uploads\/2019\/11\/KopfbildLFL3-300x130.jpg 300w, http:\/\/lfl-sachsen-anhalt.de\/lfllsa2\/wp-content\/uploads\/2019\/11\/KopfbildLFL3-768x334.jpg 768w, http:\/\/lfl-sachsen-anhalt.de\/lfllsa2\/wp-content\/uploads\/2019\/11\/KopfbildLFL3-1536x667.jpg 1536w, http:\/\/lfl-sachsen-anhalt.de\/lfllsa2\/wp-content\/uploads\/2019\/11\/KopfbildLFL3-650x282.jpg 650w, http:\/\/lfl-sachsen-anhalt.de\/lfllsa2\/wp-content\/uploads\/2019\/11\/KopfbildLFL3.jpg 2000w\" sizes=\"auto, (max-width: 1024px) 100vw, 1024px\" \/><\/figure>\n\n\n\n<p>Der Verband organisiert praktische Pflegema\u00dfnahmen, die den Erhalt der Arten- und Biotopvielfalt zum Ziel haben. Schwerpunkte liegen dabei in der Sanierung von Streuobstwiesen, der Pflege von Kopfb\u00e4umen in den Flussauen und der Pflege artenreicher Wiesen. Die Feuchtgr\u00fcnl\u00e4nder entlang der Fl\u00fcsse brauchen besondere Aufmerksamkeit, um aus uniformen Grasland wieder buntbl\u00fchende Feuchtwiesen zu entwickeln. Dazu werden Kompensationsma\u00dfnahmen und F\u00f6rderprojekte umgesetzt.<br>\nUmweltbildung mit einem gro\u00dfen Bezug zur Natur ist dem Verein wichtig. Menschen f\u00fcr den Schutz der Natur zu begeistern, ist das Ziel. Es werden Seminare zu den Themen Geh\u00f6lzschnitt und Sortenbestimmung sowie gef\u00fchrte Wanderungen angeboten. Im Rahmen des BfN-Projektes \u201eFeldhamsterland\u201c ist der Verein f\u00fcr die Arbeit mit ehrenamtlichen Kartierern in Sachsen-Anhalt zust\u00e4ndig.<\/p>\n\n\n\n<figure class=\"wp-block-image size-large\"><img loading=\"lazy\" decoding=\"async\" width=\"1024\" height=\"489\" src=\"http:\/\/lfl-sachsen-anhalt.de\/lfllsa2\/wp-content\/uploads\/2020\/01\/witt_todholz-1024x489.jpg\" alt=\"\" class=\"wp-image-271\" srcset=\"http:\/\/lfl-sachsen-anhalt.de\/lfllsa2\/wp-content\/uploads\/2020\/01\/witt_todholz-1024x489.jpg 1024w, http:\/\/lfl-sachsen-anhalt.de\/lfllsa2\/wp-content\/uploads\/2020\/01\/witt_todholz-300x143.jpg 300w, http:\/\/lfl-sachsen-anhalt.de\/lfllsa2\/wp-content\/uploads\/2020\/01\/witt_todholz-768x366.jpg 768w, http:\/\/lfl-sachsen-anhalt.de\/lfllsa2\/wp-content\/uploads\/2020\/01\/witt_todholz-650x310.jpg 650w, http:\/\/lfl-sachsen-anhalt.de\/lfllsa2\/wp-content\/uploads\/2020\/01\/witt_todholz.jpg 1119w\" sizes=\"auto, (max-width: 1024px) 100vw, 1024px\" \/><figcaption>Zauneidechse an Totholz in einer Streuobstwiese (Foto: LPV Wittenberg)<\/figcaption><\/figure>\n","protected":false},"excerpt":{"rendered":"<p>Landschaftspflegeverband Wittenberg e.V.Vorsitzende Petra Stengel Pfaffengasse 18 \u2022 06886 WittenbergTelefon: (03491) 505 20 20E-Mail: info@lpv-wittenberg.dewww.lpv-wittenberg.de Im \u00f6stlichen Zipfel Sachsen-Anhalts ist der LPV Wittenberg im gleichnamigen Landkreis seit 1995 t\u00e4tig. Er ist der waldreichste Landkreis Sachsen-Anhalts. Fast 40% seiner Fl\u00e4che sind von Wald bedeckt. Die Landschaft ist vielf\u00e4ltig: Im Norden begrenzt <a class=\"more-link\" href=\"http:\/\/lfl-sachsen-anhalt.de\/lfllsa2\/lpv-wittenberg-e-v\/\">[ . . . ]<\/a><\/p>\n","protected":false},"author":1,"featured_media":245,"parent":0,"menu_order":0,"comment_status":"closed","ping_status":"closed","template":"","meta":{"footnotes":""},"class_list":["post-183","page","type-page","status-publish","has-post-thumbnail","hentry"],"_links":{"self":[{"href":"http:\/\/lfl-sachsen-anhalt.de\/lfllsa2\/wp-json\/wp\/v2\/pages\/183","targetHints":{"allow":["GET"]}}],"collection":[{"href":"http:\/\/lfl-sachsen-anhalt.de\/lfllsa2\/wp-json\/wp\/v2\/pages"}],"about":[{"href":"http:\/\/lfl-sachsen-anhalt.de\/lfllsa2\/wp-json\/wp\/v2\/types\/page"}],"author":[{"embeddable":true,"href":"http:\/\/lfl-sachsen-anhalt.de\/lfllsa2\/wp-json\/wp\/v2\/users\/1"}],"replies":[{"embeddable":true,"href":"http:\/\/lfl-sachsen-anhalt.de\/lfllsa2\/wp-json\/wp\/v2\/comments?post=183"}],"version-history":[{"count":10,"href":"http:\/\/lfl-sachsen-anhalt.de\/lfllsa2\/wp-json\/wp\/v2\/pages\/183\/revisions"}],"predecessor-version":[{"id":466,"href":"http:\/\/lfl-sachsen-anhalt.de\/lfllsa2\/wp-json\/wp\/v2\/pages\/183\/revisions\/466"}],"wp:featuredmedia":[{"embeddable":true,"href":"http:\/\/lfl-sachsen-anhalt.de\/lfllsa2\/wp-json\/wp\/v2\/media\/245"}],"wp:attachment":[{"href":"http:\/\/lfl-sachsen-anhalt.de\/lfllsa2\/wp-json\/wp\/v2\/media?parent=183"}],"curies":[{"name":"wp","href":"https:\/\/api.w.org\/{rel}","templated":true}]}}