{"id":181,"date":"2019-12-02T20:44:01","date_gmt":"2019-12-02T19:44:01","guid":{"rendered":"http:\/\/lfl-sachsen-anhalt.de\/lfllsa2\/?page_id=181"},"modified":"2020-01-24T15:08:51","modified_gmt":"2020-01-24T14:08:51","slug":"foerder-und-landschaftspflegeverein-br-mittelelbe-e-v","status":"publish","type":"page","link":"http:\/\/lfl-sachsen-anhalt.de\/lfllsa2\/foerder-und-landschaftspflegeverein-br-mittelelbe-e-v\/","title":{"rendered":"F\u00f6rder- und Landschaftspflegeverein BR Mittelelbe e.V."},"content":{"rendered":"\n<p><strong>F\u00f6rder- und Landschaftspflegeverein BR Mittelelbe e.V.<\/strong><br>Vorsitzender J\u00f6rg Schuboth<\/p>\n\n\n\n<p>Johannisstra\u00dfe 18 \u2022 06844 Dessau-Ro\u00dflau<br>Telefon: 0340-2206141 \u2022 Telefax: 0340-2206143<br>E-Mail: <a rel=\"noreferrer noopener\" href=\"mailto:info@mittelelbe-foerderverein.de\" target=\"_blank\">info@mittelelbe-foerderverein.de<\/a><br><a rel=\"noreferrer noopener\" href=\"http:\/\/www.Mittelelbe-Foerderverein.de\" target=\"_blank\">www.Mittelelbe-Foerderverein.de<\/a><\/p>\n\n\n\n<hr class=\"wp-block-separator\"\/>\n\n\n\n<p>Quer durch Sachsen-Anhalt verl\u00e4uft eine der letzten naturnahen Stromlandschaften Mitteleuropas. Die \u201eFlusslandschaft Elbe\u201c erstreckt sich \u00fcber 5 Bundesl\u00e4nder als UNESCO-Biosph\u00e4renreservat. Seinen Ursprung findet man bei Dessau in Sachsen-Anhalt, unser Bundesland vertritt allein einen Fl\u00e4chenanteil von 44,5%. Markante Solit\u00e4reichen, Biberburgen und Auw\u00e4lder pr\u00e4gen das Bild entlang des gr\u00f6\u00dften Flusses von Sachsen-Anhalt vor allem im Raum Dessau-Ro\u00dflau. Eine absolute Besonderheit ist das Vorkommen des gr\u00f6\u00dften zusammenh\u00e4ngenden Hartholzauenwaldes in Mitteleuropa. Daneben hat die Region f\u00fcr den Schutz des Europ\u00e4ischen Bibers eine besondere Verantwortung. J\u00e4hrlich zieht das Dessau-W\u00f6rlitzer Gartenreich mit seinen Kultursch\u00e4tzen Besucher aus aller Welt in die Region. <br><\/p>\n\n\n\n<p>Seit 1992 engagiert sich der Verein sowohl als Landschaftspflege- als auch als F\u00f6rderverein f\u00fcr das Biosph\u00e4renreservat \u201eMittelelbe\u201c. Die Flussauen von Elbe und der unteren Mulde im Gebiet zwischen Wittenberg und Magdeburg sind sein Wirkungsbereich. Hier nimmt er vielf\u00e4ltige Aufgaben in Naturschutz und Landschaftspflege wahr. Zum Schutz der typischen Artenvielfalt der Stromtalauen werden Projekte initiiert. Die Erhaltung der Solit\u00e4reichen, gebietseigenes Wildobst, Gro\u00dfer Feuerfalter oder Steinkauz sind nur einige Beispiele.<br><\/p>\n\n\n\n<p>Eine intensive Bildungs- und \u00d6ffentlichkeitsarbeit ist das Markenzeichen des r\u00fchrigen Vereins. Schulen und Kinderg\u00e4rten nehmen die Angebote gern war. Biberfreianlage, Umweltbildungskisten, Faltertage, gef\u00fchrte Wanderungen, mobile Obstpresse, Elbekiste oder Elbeburger \u2013 die Palette ist gro\u00df.<\/p>\n","protected":false},"excerpt":{"rendered":"<p>F\u00f6rder- und Landschaftspflegeverein BR Mittelelbe e.V.Vorsitzender J\u00f6rg Schuboth Johannisstra\u00dfe 18 \u2022 06844 Dessau-Ro\u00dflauTelefon: 0340-2206141 \u2022 Telefax: 0340-2206143E-Mail: info@mittelelbe-foerderverein.dewww.Mittelelbe-Foerderverein.de Quer durch Sachsen-Anhalt verl\u00e4uft eine der letzten naturnahen Stromlandschaften Mitteleuropas. Die \u201eFlusslandschaft Elbe\u201c erstreckt sich \u00fcber 5 Bundesl\u00e4nder als UNESCO-Biosph\u00e4renreservat. Seinen Ursprung findet man bei Dessau in Sachsen-Anhalt, unser Bundesland vertritt allein <a class=\"more-link\" href=\"http:\/\/lfl-sachsen-anhalt.de\/lfllsa2\/foerder-und-landschaftspflegeverein-br-mittelelbe-e-v\/\">[ . . . ]<\/a><\/p>\n","protected":false},"author":1,"featured_media":246,"parent":0,"menu_order":0,"comment_status":"closed","ping_status":"closed","template":"","meta":{"footnotes":""},"class_list":["post-181","page","type-page","status-publish","has-post-thumbnail","hentry"],"_links":{"self":[{"href":"http:\/\/lfl-sachsen-anhalt.de\/lfllsa2\/wp-json\/wp\/v2\/pages\/181","targetHints":{"allow":["GET"]}}],"collection":[{"href":"http:\/\/lfl-sachsen-anhalt.de\/lfllsa2\/wp-json\/wp\/v2\/pages"}],"about":[{"href":"http:\/\/lfl-sachsen-anhalt.de\/lfllsa2\/wp-json\/wp\/v2\/types\/page"}],"author":[{"embeddable":true,"href":"http:\/\/lfl-sachsen-anhalt.de\/lfllsa2\/wp-json\/wp\/v2\/users\/1"}],"replies":[{"embeddable":true,"href":"http:\/\/lfl-sachsen-anhalt.de\/lfllsa2\/wp-json\/wp\/v2\/comments?post=181"}],"version-history":[{"count":3,"href":"http:\/\/lfl-sachsen-anhalt.de\/lfllsa2\/wp-json\/wp\/v2\/pages\/181\/revisions"}],"predecessor-version":[{"id":268,"href":"http:\/\/lfl-sachsen-anhalt.de\/lfllsa2\/wp-json\/wp\/v2\/pages\/181\/revisions\/268"}],"wp:featuredmedia":[{"embeddable":true,"href":"http:\/\/lfl-sachsen-anhalt.de\/lfllsa2\/wp-json\/wp\/v2\/media\/246"}],"wp:attachment":[{"href":"http:\/\/lfl-sachsen-anhalt.de\/lfllsa2\/wp-json\/wp\/v2\/media?parent=181"}],"curies":[{"name":"wp","href":"https:\/\/api.w.org\/{rel}","templated":true}]}}