{"id":175,"date":"2019-12-02T20:34:50","date_gmt":"2019-12-02T19:34:50","guid":{"rendered":"http:\/\/lfl-sachsen-anhalt.de\/lfllsa2\/?page_id=175"},"modified":"2022-09-22T12:12:38","modified_gmt":"2022-09-22T10:12:38","slug":"lpv-altmark-elb-havel-winkel-e-v","status":"publish","type":"page","link":"http:\/\/lfl-sachsen-anhalt.de\/lfllsa2\/lpv-altmark-elb-havel-winkel-e-v\/","title":{"rendered":"LPV Altmark-Elb-Havel-Winkel e.V."},"content":{"rendered":"\n<p><strong>Landschaftspflegeverband Altmark-Elb-Havel-Winkel e.V.<\/strong><br>Vorsitzender Detlef Braune<\/p>\n\n\n\n<p>Werner-Seelenbinder-Ring 1 \u2022 39517 Tangerh\u00fctte<br>Telefon und Telefax: (03935) 28 282<br>E-Mail: <a rel=\"noreferrer noopener\" href=\"mailto:lpv.altmarkelbhavelwinkel@gmx.de\" target=\"_blank\">lpv.altmarkelbhavelwinkel@gmx.de<\/a><br><a rel=\"noreferrer noopener\" target=\"_blank\" href=\"http:\/\/www.lpv-altmark.de\">www.lpv-altmark.de<\/a><\/p>\n\n\n\n<hr class=\"wp-block-separator has-css-opacity\"\/>\n\n\n<div class=\"wp-block-image\">\n<figure class=\"alignright is-resized\"><img loading=\"lazy\" decoding=\"async\" src=\"http:\/\/lfl-sachsen-anhalt.de\/lfllsa2\/wp-content\/uploads\/2019\/12\/Logo_Altmark-300x263.png\" alt=\"\" class=\"wp-image-200\" width=\"179\" height=\"157\" srcset=\"http:\/\/lfl-sachsen-anhalt.de\/lfllsa2\/wp-content\/uploads\/2019\/12\/Logo_Altmark-300x263.png 300w, http:\/\/lfl-sachsen-anhalt.de\/lfllsa2\/wp-content\/uploads\/2019\/12\/Logo_Altmark.png 400w\" sizes=\"auto, (max-width: 179px) 100vw, 179px\" \/><\/figure>\n<\/div>\n\n\n<p>Das flache Land im Norden Sachsen-Anhalts gilt als Wiege Brandenburgs oder gar Preu\u00dfens. Es ist bekannt f\u00fcr romanische Kirchen, alte Hansest\u00e4dte, f\u00fcr Bismarck, Backsteine und Baumkuchen, f\u00fcr Hochzeitssuppe und sch\u00f6ne Radwege. <br>Ein weiter Himmel spannt sich hier \u00fcber die geschichtstr\u00e4chtige Kulturlandschaft. Berge wird man vergeblich suchen. Die gro\u00dfen Fl\u00fcsse Elbe und Havel mit ihren Auw\u00e4ldern pr\u00e4gen das Landschaftsbild im Norden unseres Bundeslandes in zwei Landkreisen. Aber auch Kiefernw\u00e4lder sowie ausgedehnte Acker- und Wiesenlandschaften mit Geh\u00f6lzen an unz\u00e4hligen kleinen Flie\u00dfgew\u00e4ssern geh\u00f6ren dazu.<\/p>\n\n\n\n<figure class=\"wp-block-image size-large\"><img loading=\"lazy\" decoding=\"async\" width=\"1024\" height=\"445\" src=\"http:\/\/lfl-sachsen-anhalt.de\/lfllsa2\/wp-content\/uploads\/2019\/12\/KopfbildLFL6a-1024x445.jpg\" alt=\"\" class=\"wp-image-241\" srcset=\"http:\/\/lfl-sachsen-anhalt.de\/lfllsa2\/wp-content\/uploads\/2019\/12\/KopfbildLFL6a-1024x445.jpg 1024w, http:\/\/lfl-sachsen-anhalt.de\/lfllsa2\/wp-content\/uploads\/2019\/12\/KopfbildLFL6a-300x130.jpg 300w, http:\/\/lfl-sachsen-anhalt.de\/lfllsa2\/wp-content\/uploads\/2019\/12\/KopfbildLFL6a-768x334.jpg 768w, http:\/\/lfl-sachsen-anhalt.de\/lfllsa2\/wp-content\/uploads\/2019\/12\/KopfbildLFL6a-1536x667.jpg 1536w, http:\/\/lfl-sachsen-anhalt.de\/lfllsa2\/wp-content\/uploads\/2019\/12\/KopfbildLFL6a-650x282.jpg 650w, http:\/\/lfl-sachsen-anhalt.de\/lfllsa2\/wp-content\/uploads\/2019\/12\/KopfbildLFL6a.jpg 2000w\" sizes=\"auto, (max-width: 1024px) 100vw, 1024px\" \/><figcaption> Alte Havel bei Garz im Elb-Havel-Winkel (Foto: Kerstin Rieche) <\/figcaption><\/figure>\n\n\n\n<p>Landwirtschaft, insbesondere die Tierzucht, spielt bei der Landnutzung traditionell eine gro\u00dfe Rolle. Regionaltypisch sind die zahlreichen weg- und gew\u00e4sserbegleitenden Weidengeb\u00fcsche, Pappelreihen und Kopfb\u00e4ume. Allein 100 Naturdenkmale im Landkreis Stendal sch\u00fctzen markante Geh\u00f6lze oder Alleen. Hier gibt es au\u00dferdem noch \u00fcber 45.000 Kopfweiden.<\/p>\n\n\n\n<figure class=\"wp-block-image size-large\"><img loading=\"lazy\" decoding=\"async\" width=\"1024\" height=\"400\" src=\"http:\/\/lfl-sachsen-anhalt.de\/lfllsa2\/wp-content\/uploads\/2019\/12\/kopfbaum_02-1024x400.jpg\" alt=\"\" class=\"wp-image-258\" srcset=\"http:\/\/lfl-sachsen-anhalt.de\/lfllsa2\/wp-content\/uploads\/2019\/12\/kopfbaum_02-1024x400.jpg 1024w, http:\/\/lfl-sachsen-anhalt.de\/lfllsa2\/wp-content\/uploads\/2019\/12\/kopfbaum_02-300x117.jpg 300w, http:\/\/lfl-sachsen-anhalt.de\/lfllsa2\/wp-content\/uploads\/2019\/12\/kopfbaum_02-768x300.jpg 768w, http:\/\/lfl-sachsen-anhalt.de\/lfllsa2\/wp-content\/uploads\/2019\/12\/kopfbaum_02-1536x600.jpg 1536w, http:\/\/lfl-sachsen-anhalt.de\/lfllsa2\/wp-content\/uploads\/2019\/12\/kopfbaum_02-650x254.jpg 650w, http:\/\/lfl-sachsen-anhalt.de\/lfllsa2\/wp-content\/uploads\/2019\/12\/kopfbaum_02.jpg 1600w\" sizes=\"auto, (max-width: 1024px) 100vw, 1024px\" \/><\/figure>\n\n\n\n<p>Das Thema Geh\u00f6lze und ihre Pflege bestimmt daher auch in weiten Teilen die Arbeit des Vereins. Die Erhaltung alter Kopfb\u00e4ume und Streuobstwiesen aber auch die Neupflanzung von Geh\u00f6lzen liegen den Mitgliedern am Herzen. Fachwissen zum Thema wird regelm\u00e4\u00dfig in Schnittseminaren und Fortbildungen weitergegeben, Apfelsortenausstellungen und die Verarbeitung von Obst mit der eigenen mobilen Saftpresse organisiert. Die Landschaftspflege mit Schafen und der Schutz seltener Ackerwildkr\u00e4uter sind weitere Arbeitsschwerpunkte.<\/p>\n\n\n\n<figure class=\"wp-block-image size-large\"><img loading=\"lazy\" decoding=\"async\" width=\"1024\" height=\"768\" src=\"http:\/\/lfl-sachsen-anhalt.de\/lfllsa2\/wp-content\/uploads\/2019\/11\/Kopfweiden.jpg\" alt=\"\" class=\"wp-image-17\" srcset=\"http:\/\/lfl-sachsen-anhalt.de\/lfllsa2\/wp-content\/uploads\/2019\/11\/Kopfweiden.jpg 1024w, http:\/\/lfl-sachsen-anhalt.de\/lfllsa2\/wp-content\/uploads\/2019\/11\/Kopfweiden-300x225.jpg 300w, http:\/\/lfl-sachsen-anhalt.de\/lfllsa2\/wp-content\/uploads\/2019\/11\/Kopfweiden-768x576.jpg 768w, http:\/\/lfl-sachsen-anhalt.de\/lfllsa2\/wp-content\/uploads\/2019\/11\/Kopfweiden-650x488.jpg 650w, http:\/\/lfl-sachsen-anhalt.de\/lfllsa2\/wp-content\/uploads\/2019\/11\/Kopfweiden-261x196.jpg 261w, http:\/\/lfl-sachsen-anhalt.de\/lfllsa2\/wp-content\/uploads\/2019\/11\/Kopfweiden-540x406.jpg 540w\" sizes=\"auto, (max-width: 1024px) 100vw, 1024px\" \/><figcaption>Kopfbaumpflege in der Altmark (Foto: LPV)<\/figcaption><\/figure>\n","protected":false},"excerpt":{"rendered":"<p>Landschaftspflegeverband Altmark-Elb-Havel-Winkel e.V.Vorsitzender Detlef Braune Werner-Seelenbinder-Ring 1 \u2022 39517 Tangerh\u00fctteTelefon und Telefax: (03935) 28 282E-Mail: lpv.altmarkelbhavelwinkel@gmx.dewww.lpv-altmark.de Das flache Land im Norden Sachsen-Anhalts gilt als Wiege Brandenburgs oder gar Preu\u00dfens. Es ist bekannt f\u00fcr romanische Kirchen, alte Hansest\u00e4dte, f\u00fcr Bismarck, Backsteine und Baumkuchen, f\u00fcr Hochzeitssuppe und sch\u00f6ne Radwege. Ein weiter Himmel <a class=\"more-link\" href=\"http:\/\/lfl-sachsen-anhalt.de\/lfllsa2\/lpv-altmark-elb-havel-winkel-e-v\/\">[ . . . ]<\/a><\/p>\n","protected":false},"author":1,"featured_media":8,"parent":0,"menu_order":0,"comment_status":"closed","ping_status":"closed","template":"","meta":{"footnotes":""},"class_list":["post-175","page","type-page","status-publish","has-post-thumbnail","hentry"],"_links":{"self":[{"href":"http:\/\/lfl-sachsen-anhalt.de\/lfllsa2\/wp-json\/wp\/v2\/pages\/175","targetHints":{"allow":["GET"]}}],"collection":[{"href":"http:\/\/lfl-sachsen-anhalt.de\/lfllsa2\/wp-json\/wp\/v2\/pages"}],"about":[{"href":"http:\/\/lfl-sachsen-anhalt.de\/lfllsa2\/wp-json\/wp\/v2\/types\/page"}],"author":[{"embeddable":true,"href":"http:\/\/lfl-sachsen-anhalt.de\/lfllsa2\/wp-json\/wp\/v2\/users\/1"}],"replies":[{"embeddable":true,"href":"http:\/\/lfl-sachsen-anhalt.de\/lfllsa2\/wp-json\/wp\/v2\/comments?post=175"}],"version-history":[{"count":14,"href":"http:\/\/lfl-sachsen-anhalt.de\/lfllsa2\/wp-json\/wp\/v2\/pages\/175\/revisions"}],"predecessor-version":[{"id":542,"href":"http:\/\/lfl-sachsen-anhalt.de\/lfllsa2\/wp-json\/wp\/v2\/pages\/175\/revisions\/542"}],"wp:featuredmedia":[{"embeddable":true,"href":"http:\/\/lfl-sachsen-anhalt.de\/lfllsa2\/wp-json\/wp\/v2\/media\/8"}],"wp:attachment":[{"href":"http:\/\/lfl-sachsen-anhalt.de\/lfllsa2\/wp-json\/wp\/v2\/media?parent=175"}],"curies":[{"name":"wp","href":"https:\/\/api.w.org\/{rel}","templated":true}]}}